{"id":1843,"date":"2025-01-22T17:48:04","date_gmt":"2025-01-22T17:48:04","guid":{"rendered":"https:\/\/wramke.pl\/?page_id=1843"},"modified":"2025-02-19T20:59:34","modified_gmt":"2025-02-19T20:59:34","slug":"fotografia-czarno-biala-sesja-zdjeciowa-w-minsku-mazowieckim","status":"publish","type":"page","link":"https:\/\/wramke.pl\/index.php\/fotografia-czarno-biala-sesja-zdjeciowa-w-minsku-mazowieckim\/","title":{"rendered":"studio fotograficzne Mi\u0144sk Mazowiecki sesja kobieca"},"content":{"rendered":"\n<h2 class=\"wp-block-heading gutenify-section-867cca30-eada-11ef-99aa-7702d1df5c11 gtfy-1\"><\/h2>\n\n\n\n<p class=\"gutenify-section-b37200e0-d8e8-11ef-a9e1-fb980df5ea47 gtfy-4\">Poczuj si\u0119 wyj\u0105tkowo przed obiektywem \u2013 stw\u00f3rzmy co\u015b pi\u0119knego!<\/p>\n\n\n\t\t<div class=\"gutenverse-popup-gallery hidden popup-guten-a4eu54 gtfy-7\">\n\t\t\t<div class=\"gallery-header\">\n\t\t\t\t<div class=\"left-header\"><\/div>\n\t\t\t\t<div class=\"right-header\">\n\t\t\t\t\t<svg xmlns=\"http:\/\/www.w3.org\/2000\/svg\" width=\"24\" height=\"24\" viewBox=\"0 0 24 24\" fill=\"none\" stroke=\"currentColor\" stroke-width=\"2\" stroke-linecap=\"round\" stroke-linejoin=\"round\" class=\"icon-fullscreen\"><path d=\"M8 3H5a2 2 0 0 0-2 2v3m18 0V5a2 2 0 0 0-2-2h-3m0 18h3a2 2 0 0 0 2-2v-3M3 16v3a2 2 0 0 0 2 2h3\"><\/path><\/svg>\n\t\t\t\t\t<svg xmlns=\"http:\/\/www.w3.org\/2000\/svg\" width=\"24\" height=\"24\" viewBox=\"0 0 24 24\" fill=\"none\" stroke=\"currentColor\" stroke-width=\"2\" stroke-linecap=\"round\" stroke-linejoin=\"round\" class=\"icon-minimize hidden\"><path d=\"M8 3v3a2 2 0 0 1-2 2H3m18 0h-3a2 2 0 0 1-2-2V3m0 18v-3a2 2 0 0 1 2-2h3M3 16h3a2 2 0 0 1 2 2v3\"><\/path><\/svg>\n\t\t\t\t\t<svg xmlns=\"http:\/\/www.w3.org\/2000\/svg\" width=\"24\" height=\"24\" viewBox=\"0 0 24 24\" fill=\"none\" stroke=\"currentColor\" stroke-width=\"2\" stroke-linecap=\"round\" stroke-linejoin=\"round\" class=\"icon-zoom\"><circle cx=\"11\" cy=\"11\" r=\"8\"><\/circle><line x1=\"21\" y1=\"21\" x2=\"16.65\" y2=\"16.65\"><\/line><line x1=\"11\" y1=\"8\" x2=\"11\" y2=\"14\"><\/line><line x1=\"8\" y1=\"11\" x2=\"14\" y2=\"11\"><\/line><\/svg>\n\t\t\t\t\t<svg xmlns=\"http:\/\/www.w3.org\/2000\/svg\" width=\"24\" height=\"24\" viewBox=\"0 0 24 24\" fill=\"none\" stroke=\"currentColor\" stroke-width=\"2\" stroke-linecap=\"round\" stroke-linejoin=\"round\" class=\"icon-close\"><line x1=\"18\" y1=\"6\" x2=\"6\" y2=\"18\"><\/line><line x1=\"6\" y1=\"6\" x2=\"18\" y2=\"18\"><\/line><\/svg>\n\t\t\t\t<\/div>\n\t\t\t<\/div>\n\t\t\t<div class=\"gallery-body\">\n\t\t\t\t<div class=\"images\">\n\t\t\t\t\t<div id=\"guten-a4eu54\" class=\"swiper-container\">\n\t\t\t\t\t\t<div class=\"swiper-wrapper\">\n\t\t\t\t\t\t\t\t\t\t\t\t\t\t\t<div class=\"swiper-slide image-list image-list-0\" data-filter=\"One\" data-title=\"One\" data-category=\"\" data-content=\"\" data-index=\"0\">\n\t\t\t\t\t\t\t\t\t<div class=\"content-image swiper-zoom-container\">\n\t\t\t\t\t\t\t\t\t\t<img decoding=\"async\" class=\"main-image\" src=\"https:\/\/wramke.pl\/wp-content\/uploads\/2025\/01\/371A7002bw.jpg\" alt=\"One\" \/>\t\t\t\t\t\t\t\t\t\t\t\t\t\t\t\t\t\t\t<\/div>\n\t\t\t\t\t\t\t\t<\/div>\n\t\t\t\t\t\t\t\t\t\t\t\t\t\t\t<div class=\"swiper-slide image-list image-list-1\" data-filter=\"Two\" data-title=\"Two\" data-category=\"\" data-content=\"\" data-index=\"1\">\n\t\t\t\t\t\t\t\t\t<div class=\"content-image swiper-zoom-container\">\n\t\t\t\t\t\t\t\t\t\t<img decoding=\"async\" class=\"main-image\" src=\"https:\/\/wramke.pl\/wp-content\/uploads\/2025\/01\/371A7001bw.jpg\" alt=\"Two\" \/>\t\t\t\t\t\t\t\t\t\t\t\t\t\t\t\t\t\t\t<\/div>\n\t\t\t\t\t\t\t\t<\/div>\n\t\t\t\t\t\t\t\t\t\t\t\t\t\t\t<div class=\"swiper-slide image-list image-list-2\" data-filter=\"Three\" data-title=\"Three\" data-category=\"\" data-content=\"\" data-index=\"2\">\n\t\t\t\t\t\t\t\t\t<div class=\"content-image swiper-zoom-container\">\n\t\t\t\t\t\t\t\t\t\t<img decoding=\"async\" class=\"main-image\" src=\"https:\/\/wramke.pl\/wp-content\/uploads\/2025\/01\/371A6965bw.jpg\" alt=\"Three\" \/>\t\t\t\t\t\t\t\t\t\t\t\t\t\t\t\t\t\t\t<\/div>\n\t\t\t\t\t\t\t\t<\/div>\n\t\t\t\t\t\t\t\t\t\t\t\t\t\t\t<div class=\"swiper-slide image-list image-list-3\" data-filter=\"Four\" data-title=\"Four\" data-category=\"\" data-content=\"\" data-index=\"3\">\n\t\t\t\t\t\t\t\t\t<div class=\"content-image swiper-zoom-container\">\n\t\t\t\t\t\t\t\t\t\t<img decoding=\"async\" class=\"main-image\" src=\"https:\/\/wramke.pl\/wp-content\/uploads\/2025\/01\/371A6954bw.jpg\" alt=\"Four\" \/>\t\t\t\t\t\t\t\t\t\t\t\t\t\t\t\t\t\t\t<\/div>\n\t\t\t\t\t\t\t\t<\/div>\n\t\t\t\t\t\t\t\t\t\t\t\t\t\t\t<div class=\"swiper-slide image-list image-list-4\" data-filter=\"\" data-title=\"\" data-category=\"\" data-content=\"\" data-index=\"4\">\n\t\t\t\t\t\t\t\t\t<div class=\"content-image swiper-zoom-container\">\n\t\t\t\t\t\t\t\t\t\t<img decoding=\"async\" class=\"main-image\" src=\"https:\/\/wramke.pl\/wp-content\/uploads\/2025\/01\/371A6952bw.jpg\" alt=\"\" \/>\t\t\t\t\t\t\t\t\t\t\t\t\t\t\t\t\t\t\t<\/div>\n\t\t\t\t\t\t\t\t<\/div>\n\t\t\t\t\t\t\t\t\t\t\t\t\t\t\t<div class=\"swiper-slide image-list image-list-5\" data-filter=\"\" data-title=\"\" data-category=\"\" data-content=\"\" data-index=\"5\">\n\t\t\t\t\t\t\t\t\t<div class=\"content-image swiper-zoom-container\">\n\t\t\t\t\t\t\t\t\t\t<img decoding=\"async\" class=\"main-image\" src=\"https:\/\/wramke.pl\/wp-content\/uploads\/2025\/01\/371A6928-scaled.jpg\" alt=\"\" \/>\t\t\t\t\t\t\t\t\t\t\t\t\t\t\t\t\t\t\t<\/div>\n\t\t\t\t\t\t\t\t<\/div>\n\t\t\t\t\t\t\t\t\t\t\t\t\t\t\t<div class=\"swiper-slide image-list image-list-6\" data-filter=\"\" data-title=\"\" data-category=\"\" data-content=\"\" data-index=\"6\">\n\t\t\t\t\t\t\t\t\t<div class=\"content-image swiper-zoom-container\">\n\t\t\t\t\t\t\t\t\t\t<img decoding=\"async\" class=\"main-image\" src=\"https:\/\/wramke.pl\/wp-content\/uploads\/2025\/01\/371A6907bw-scaled.jpg\" alt=\"\" \/>\t\t\t\t\t\t\t\t\t\t\t\t\t\t\t\t\t\t\t<\/div>\n\t\t\t\t\t\t\t\t<\/div>\n\t\t\t\t\t\t\t\t\t\t\t\t\t\t\t<div class=\"swiper-slide image-list image-list-7\" data-filter=\"\" data-title=\"\" data-category=\"\" data-content=\"\" data-index=\"7\">\n\t\t\t\t\t\t\t\t\t<div class=\"content-image swiper-zoom-container\">\n\t\t\t\t\t\t\t\t\t\t<img decoding=\"async\" class=\"main-image\" src=\"https:\/\/wramke.pl\/wp-content\/uploads\/2025\/01\/371A6910bw-scaled.jpg\" alt=\"\" \/>\t\t\t\t\t\t\t\t\t\t\t\t\t\t\t\t\t\t\t<\/div>\n\t\t\t\t\t\t\t\t<\/div>\n\t\t\t\t\t\t\t\t\t\t\t\t\t<\/div>\n\t\t\t\t\t\t<div class=\"swiper-button-prev\"><\/div>\n\t\t\t\t\t\t<div class=\"swiper-button-next\"><\/div>\n\t\t\t\t\t<\/div>\n\t\t\t\t<\/div>\n\t\t\t<\/div>\n\t\t<\/div>\n\n\t\t\n\t\t<div class=\"gallery-items\" data-loaded=\"50\" data-more=\"2\" data-max=\"8\" >\n\t\t\t\t\t\t\t<div class=\"gallery-item-wrap \" data-index=\"0\" data-control=\"One\">\n\t\t\t\t\t<div class=\"grid-item\"><div class=\"thumbnail-wrap\"><img decoding=\"async\" class=\"main-image\" src=\"https:\/\/wramke.pl\/wp-content\/uploads\/2025\/01\/371A7002bw.jpg\" alt=\"One\" \/><div class=\"caption-wrap style-overlay overlay-overlay animated fade-in\"><div class=\"item-hover-bg\"><\/div><div class=\"item-caption-over\"><h5 class=\"item-title\">One<\/h5><div class=\"item-content\"><\/div><div class=\"item-buttons\"><div class=\"gallery-link zoom with-text\"><span class=\"item-icon-inner\"><i class=\"fas fa-search-plus\" aria-hidden=\"true\"><\/i><\/span><\/div><a aria-label=\"Link to One\" href=\"\" class=\"gallery-link link with-text\"><span class=\"item-icon-inner\"><i class=\"fas fa-link\" aria-hidden=\"true\"><\/i><\/span><\/a><\/div><\/div><div class=\"caption-head\"><\/div><\/div><\/div><\/div>\t\t\t\t<\/div>\n\t\t\t\t\t\t\t<div class=\"gallery-item-wrap \" data-index=\"1\" data-control=\"Two\">\n\t\t\t\t\t<div class=\"grid-item\"><div class=\"thumbnail-wrap\"><img decoding=\"async\" class=\"main-image\" src=\"https:\/\/wramke.pl\/wp-content\/uploads\/2025\/01\/371A7001bw.jpg\" alt=\"Two\" \/><div class=\"caption-wrap style-overlay overlay-overlay animated fade-in\"><div class=\"item-hover-bg\"><\/div><div class=\"item-caption-over\"><h5 class=\"item-title\">Two<\/h5><div class=\"item-content\"><\/div><div class=\"item-buttons\"><div class=\"gallery-link zoom with-text\"><span class=\"item-icon-inner\"><i class=\"fas fa-search-plus\" aria-hidden=\"true\"><\/i><\/span><\/div><a aria-label=\"Link to Two\" href=\"\" class=\"gallery-link link with-text\"><span class=\"item-icon-inner\"><i class=\"fas fa-link\" aria-hidden=\"true\"><\/i><\/span><\/a><\/div><\/div><div class=\"caption-head\"><\/div><\/div><\/div><\/div>\t\t\t\t<\/div>\n\t\t\t\t\t\t\t<div class=\"gallery-item-wrap \" data-index=\"2\" data-control=\"Three\">\n\t\t\t\t\t<div class=\"grid-item\"><div class=\"thumbnail-wrap\"><img decoding=\"async\" class=\"main-image\" src=\"https:\/\/wramke.pl\/wp-content\/uploads\/2025\/01\/371A6965bw.jpg\" alt=\"Three\" \/><div class=\"caption-wrap style-overlay overlay-overlay animated fade-in\"><div class=\"item-hover-bg\"><\/div><div class=\"item-caption-over\"><h5 class=\"item-title\">Three<\/h5><div class=\"item-content\"><\/div><div class=\"item-buttons\"><div class=\"gallery-link zoom with-text\"><span class=\"item-icon-inner\"><i class=\"fas fa-search-plus\" aria-hidden=\"true\"><\/i><\/span><\/div><a aria-label=\"Link to Three\" href=\"\" class=\"gallery-link link with-text\"><span class=\"item-icon-inner\"><i class=\"fas fa-link\" aria-hidden=\"true\"><\/i><\/span><\/a><\/div><\/div><div class=\"caption-head\"><\/div><\/div><\/div><\/div>\t\t\t\t<\/div>\n\t\t\t\t\t\t\t<div class=\"gallery-item-wrap \" data-index=\"3\" data-control=\"Four\">\n\t\t\t\t\t<div class=\"grid-item\"><div class=\"thumbnail-wrap\"><img decoding=\"async\" class=\"main-image\" src=\"https:\/\/wramke.pl\/wp-content\/uploads\/2025\/01\/371A6954bw.jpg\" alt=\"Four\" \/><div class=\"caption-wrap style-overlay overlay-overlay animated fade-in\"><div class=\"item-hover-bg\"><\/div><div class=\"item-caption-over\"><h5 class=\"item-title\">Four<\/h5><div class=\"item-content\"><\/div><div class=\"item-buttons\"><div class=\"gallery-link zoom with-text\"><span class=\"item-icon-inner\"><i class=\"fas fa-search-plus\" aria-hidden=\"true\"><\/i><\/span><\/div><a aria-label=\"Link to Four\" href=\"\" class=\"gallery-link link with-text\"><span class=\"item-icon-inner\"><i class=\"fas fa-link\" aria-hidden=\"true\"><\/i><\/span><\/a><\/div><\/div><div class=\"caption-head\"><\/div><\/div><\/div><\/div>\t\t\t\t<\/div>\n\t\t\t\t\t\t\t<div class=\"gallery-item-wrap \" data-index=\"4\" data-control=\"\">\n\t\t\t\t\t<div class=\"grid-item\"><div class=\"thumbnail-wrap\"><img decoding=\"async\" class=\"main-image\" src=\"https:\/\/wramke.pl\/wp-content\/uploads\/2025\/01\/371A6952bw.jpg\" alt=\"\" \/><div class=\"caption-wrap style-overlay overlay-overlay animated fade-in\"><div class=\"item-hover-bg\"><\/div><div class=\"item-caption-over\"><h5 class=\"item-title\"><\/h5><div class=\"item-content\"><\/div><div class=\"item-buttons\"><div class=\"gallery-link zoom with-text\"><span class=\"item-icon-inner\"><i class=\"fas fa-search-plus\" aria-hidden=\"true\"><\/i><\/span><\/div><a aria-label=\"Link to \" href=\"\" class=\"gallery-link link with-text\"><span class=\"item-icon-inner\"><i class=\"fas fa-link\" aria-hidden=\"true\"><\/i><\/span><\/a><\/div><\/div><div class=\"caption-head\"><\/div><\/div><\/div><\/div>\t\t\t\t<\/div>\n\t\t\t\t\t\t\t<div class=\"gallery-item-wrap \" data-index=\"5\" data-control=\"\">\n\t\t\t\t\t<div class=\"grid-item\"><div class=\"thumbnail-wrap\"><img decoding=\"async\" class=\"main-image\" src=\"https:\/\/wramke.pl\/wp-content\/uploads\/2025\/01\/371A6928-scaled.jpg\" alt=\"\" \/><div class=\"caption-wrap style-overlay overlay-overlay animated fade-in\"><div class=\"item-hover-bg\"><\/div><div class=\"item-caption-over\"><h5 class=\"item-title\"><\/h5><div class=\"item-content\"><\/div><div class=\"item-buttons\"><div class=\"gallery-link zoom with-text\"><span class=\"item-icon-inner\"><i class=\"fas fa-search-plus\" aria-hidden=\"true\"><\/i><\/span><\/div><a aria-label=\"Link to \" href=\"\" class=\"gallery-link link with-text\"><span class=\"item-icon-inner\"><i class=\"fas fa-link\" aria-hidden=\"true\"><\/i><\/span><\/a><\/div><\/div><div class=\"caption-head\"><\/div><\/div><\/div><\/div>\t\t\t\t<\/div>\n\t\t\t\t\t\t\t<div class=\"gallery-item-wrap \" data-index=\"6\" data-control=\"\">\n\t\t\t\t\t<div class=\"grid-item\"><div class=\"thumbnail-wrap\"><img decoding=\"async\" class=\"main-image\" src=\"https:\/\/wramke.pl\/wp-content\/uploads\/2025\/01\/371A6907bw-scaled.jpg\" alt=\"\" \/><div class=\"caption-wrap style-overlay overlay-overlay animated fade-in\"><div class=\"item-hover-bg\"><\/div><div class=\"item-caption-over\"><h5 class=\"item-title\"><\/h5><div class=\"item-content\"><\/div><div class=\"item-buttons\"><div class=\"gallery-link zoom with-text\"><span class=\"item-icon-inner\"><i class=\"fas fa-search-plus\" aria-hidden=\"true\"><\/i><\/span><\/div><a aria-label=\"Link to \" href=\"\" class=\"gallery-link link with-text\"><span class=\"item-icon-inner\"><i class=\"fas fa-link\" aria-hidden=\"true\"><\/i><\/span><\/a><\/div><\/div><div class=\"caption-head\"><\/div><\/div><\/div><\/div>\t\t\t\t<\/div>\n\t\t\t\t\t\t\t<div class=\"gallery-item-wrap \" data-index=\"7\" data-control=\"\">\n\t\t\t\t\t<div class=\"grid-item\"><div class=\"thumbnail-wrap\"><img decoding=\"async\" class=\"main-image\" src=\"https:\/\/wramke.pl\/wp-content\/uploads\/2025\/01\/371A6910bw-scaled.jpg\" alt=\"\" \/><div class=\"caption-wrap style-overlay overlay-overlay animated fade-in\"><div class=\"item-hover-bg\"><\/div><div class=\"item-caption-over\"><h5 class=\"item-title\"><\/h5><div class=\"item-content\"><\/div><div class=\"item-buttons\"><div class=\"gallery-link zoom with-text\"><span class=\"item-icon-inner\"><i class=\"fas fa-search-plus\" aria-hidden=\"true\"><\/i><\/span><\/div><a aria-label=\"Link to \" href=\"\" class=\"gallery-link link with-text\"><span class=\"item-icon-inner\"><i class=\"fas fa-link\" aria-hidden=\"true\"><\/i><\/span><\/a><\/div><\/div><div class=\"caption-head\"><\/div><\/div><\/div><\/div>\t\t\t\t<\/div>\n\t\t\t\t\t<\/div>\n\n\t\t\t\t\n\n\n<p class=\"gutenify-section-983f6b00-d8e8-11ef-a9e1-fb980df5ea47 gtfy-10\"><\/p>\n","protected":false},"excerpt":{"rendered":"<p>Poczuj si\u0119 wyj\u0105tkowo przed obiektywem \u2013 stw\u00f3rzmy co\u015b pi\u0119knego!<\/p>\n","protected":false},"author":2,"featured_media":0,"parent":0,"menu_order":0,"comment_status":"closed","ping_status":"closed","template":"","meta":{"_monsterinsights_skip_tracking":false,"_monsterinsights_sitenote_active":false,"_monsterinsights_sitenote_note":"","_monsterinsights_sitenote_category":0,"ngg_post_thumbnail":0,"footnotes":""},"class_list":["post-1843","page","type-page","status-publish","hentry"],"aioseo_notices":[],"_links":{"self":[{"href":"https:\/\/wramke.pl\/index.php\/wp-json\/wp\/v2\/pages\/1843","targetHints":{"allow":["GET"]}}],"collection":[{"href":"https:\/\/wramke.pl\/index.php\/wp-json\/wp\/v2\/pages"}],"about":[{"href":"https:\/\/wramke.pl\/index.php\/wp-json\/wp\/v2\/types\/page"}],"author":[{"embeddable":true,"href":"https:\/\/wramke.pl\/index.php\/wp-json\/wp\/v2\/users\/2"}],"replies":[{"embeddable":true,"href":"https:\/\/wramke.pl\/index.php\/wp-json\/wp\/v2\/comments?post=1843"}],"version-history":[{"count":5,"href":"https:\/\/wramke.pl\/index.php\/wp-json\/wp\/v2\/pages\/1843\/revisions"}],"predecessor-version":[{"id":1914,"href":"https:\/\/wramke.pl\/index.php\/wp-json\/wp\/v2\/pages\/1843\/revisions\/1914"}],"wp:attachment":[{"href":"https:\/\/wramke.pl\/index.php\/wp-json\/wp\/v2\/media?parent=1843"}],"curies":[{"name":"wp","href":"https:\/\/api.w.org\/{rel}","templated":true}]}}