{"id":702,"date":"2023-04-02T18:29:19","date_gmt":"2023-04-02T18:29:19","guid":{"rendered":"https:\/\/wramke.pl\/?page_id=702"},"modified":"2026-03-05T12:47:24","modified_gmt":"2026-03-05T12:47:24","slug":"fotografia-studyjna","status":"publish","type":"page","link":"https:\/\/wramke.pl\/index.php\/fotografia-studyjna\/","title":{"rendered":"Fotografia kobiet"},"content":{"rendered":"\n<p class=\"gutenify-section-3fae6030-5dcf-11ee-9e88-47be2c1b6109 gtfy-1\"><\/p>\n\n\n<div class=\"inner-container gtfy-6\"><div class=\"image-box-header\"><a class=\"\" href=\"https:\/\/wramke.pl\/index.php\/ciazowa-studio-galeria\/\" target=\"\" rel=\"\"><img decoding=\"async\" class=\"gutenverse-image-box-filled\" src=\"https:\/\/wramke.pl\/wp-content\/uploads\/2024\/03\/371A3563.jpg\" height=\"2048\" width=\"1463\" alt=\"\" \/><\/a><\/div><div class=\"image-box-body\"><div class=\"body-inner\"><a class=\"\" href=\"https:\/\/wramke.pl\/index.php\/ciazowa-studio-galeria\/\" target=\"\" rel=\"\"><h2 class=\"body-title icon-position-before\"><span>sesja ci\u0105\u017cowa w Mi\u0144sku Mazowieckim<\/span><\/h2><\/a><a class=\"guten-button guten-button-sm gtfy-5\" href=\"https:\/\/wramke.pl\/index.php\/ciazowa-studio-galeria\/\"><span><\/span><\/a><\/div><\/div><\/div>\n\n\n<div class=\"wp-block-columns gutenify-section-57dae4c0-12f7-11ef-81b1-69cb3e204a98 is-layout-flex wp-container-core-columns-is-layout-28f84493 wp-block-columns-is-layout-flex gtfy-13\">\n<div class=\"wp-block-column gutenify-section-57d69f00-12f7-11ef-81b1-69cb3e204a98 is-layout-flow wp-block-column-is-layout-flow gtfy-12\" style=\"flex-basis:100%\"><div class=\"inner-container gtfy-11\"><div class=\"image-box-header\"><a class=\"\" href=\"https:\/\/wramke.pl\/index.php\/kobieca-studio-galeria\/\" target=\"\" rel=\"\"><img decoding=\"async\" class=\"gutenverse-image-box-filled\" src=\"https:\/\/wramke.pl\/wp-content\/uploads\/2024\/04\/371A5666.jpg\" height=\"2048\" width=\"1365\" alt=\"\" \/><\/a><\/div><div class=\"image-box-body\"><div class=\"body-inner\"><a class=\"\" href=\"https:\/\/wramke.pl\/index.php\/kobieca-studio-galeria\/\" target=\"\" rel=\"\"><h2 class=\"body-title icon-position-before\"><span>sesja kobieca Mi\u0144sk Mazowiecki<\/span><\/h2><\/a><a class=\"guten-button guten-button-sm gtfy-10\" href=\"https:\/\/wramke.pl\/index.php\/kobieca-studio-galeria\/\"><span><\/span><\/a><\/div><\/div><\/div><\/div>\n<\/div>\n\n\n\n<div class=\"wp-block-columns are-vertically-aligned-center gutenify-section-411b1250-12f7-11ef-81b1-69cb3e204a98 is-layout-flex wp-container-core-columns-is-layout-28f84493 wp-block-columns-is-layout-flex gtfy-17\">\n<div class=\"wp-block-column is-vertically-aligned-center gutenify-section-41165760-12f7-11ef-81b1-69cb3e204a98 is-layout-flow wp-block-column-is-layout-flow gtfy-16\" style=\"flex-basis:100%\"><\/div>\n<\/div>\n\n\n<div class=\"inner-container gtfy-22\"><div class=\"image-box-header\"><a class=\"\" href=\"http:\/\/fotografia-czarno-biala-sesja-zdjeciowa-w-minsku-mazowieckim\" target=\"\" rel=\"\"><img decoding=\"async\" class=\"gutenverse-image-box-filled\" src=\"https:\/\/wramke.pl\/wp-content\/uploads\/2025\/01\/371A6952bw.jpg\" height=\"2048\" width=\"1365\" alt=\"\" \/><\/a><\/div><div class=\"image-box-body\"><div class=\"body-inner\"><a class=\"\" href=\"http:\/\/fotografia-czarno-biala-sesja-zdjeciowa-w-minsku-mazowieckim\" target=\"\" rel=\"\"><h3 class=\"body-title icon-position-before\"><span>Fotografia Czarno Bia\u0142a<\/span><\/h3><\/a><a class=\"\" href=\"http:\/\/fotografia-czarno-biala-sesja-zdjeciowa-w-minsku-mazowieckim\" target=\"\" rel=\"\"><p class=\"body-description\">black&amp;white<\/p><\/a><a class=\"guten-button guten-button-sm gtfy-21\" href=\"http:\/\/fotografia-czarno-biala-sesja-zdjeciowa-w-minsku-mazowieckim\"><span><\/span><\/a><\/div><\/div><\/div>\n\n\n<p class=\"gutenify-section-79ab0a90-5dcf-11ee-9e88-47be2c1b6109 gtfy-25\"><\/p>\n","protected":false},"excerpt":{"rendered":"","protected":false},"author":2,"featured_media":0,"parent":0,"menu_order":0,"comment_status":"closed","ping_status":"closed","template":"","meta":{"_monsterinsights_skip_tracking":false,"_monsterinsights_sitenote_active":false,"_monsterinsights_sitenote_note":"","_monsterinsights_sitenote_category":0,"ngg_post_thumbnail":0,"footnotes":""},"class_list":["post-702","page","type-page","status-publish","hentry"],"aioseo_notices":[],"_links":{"self":[{"href":"https:\/\/wramke.pl\/index.php\/wp-json\/wp\/v2\/pages\/702","targetHints":{"allow":["GET"]}}],"collection":[{"href":"https:\/\/wramke.pl\/index.php\/wp-json\/wp\/v2\/pages"}],"about":[{"href":"https:\/\/wramke.pl\/index.php\/wp-json\/wp\/v2\/types\/page"}],"author":[{"embeddable":true,"href":"https:\/\/wramke.pl\/index.php\/wp-json\/wp\/v2\/users\/2"}],"replies":[{"embeddable":true,"href":"https:\/\/wramke.pl\/index.php\/wp-json\/wp\/v2\/comments?post=702"}],"version-history":[{"count":35,"href":"https:\/\/wramke.pl\/index.php\/wp-json\/wp\/v2\/pages\/702\/revisions"}],"predecessor-version":[{"id":2249,"href":"https:\/\/wramke.pl\/index.php\/wp-json\/wp\/v2\/pages\/702\/revisions\/2249"}],"wp:attachment":[{"href":"https:\/\/wramke.pl\/index.php\/wp-json\/wp\/v2\/media?parent=702"}],"curies":[{"name":"wp","href":"https:\/\/api.w.org\/{rel}","templated":true}]}}